{"id":137,"date":"2024-07-17T16:02:40","date_gmt":"2024-07-17T14:02:40","guid":{"rendered":"https:\/\/hotelaraz.eu\/?page_id=137"},"modified":"2025-12-02T12:19:36","modified_gmt":"2025-12-02T11:19:36","slug":"blog","status":"publish","type":"page","link":"https:\/\/hotelaraz.eu\/en\/blog\/","title":{"rendered":"Blog"},"content":{"rendered":"\t\t<div data-elementor-type=\"wp-page\" data-elementor-id=\"137\" class=\"elementor elementor-137\" data-elementor-post-type=\"page\">\n\t\t\t\t<div class=\"elementor-element elementor-element-7fbccc0 e-flex e-con-boxed e-con e-parent\" data-id=\"7fbccc0\" data-element_type=\"container\" data-e-type=\"container\" data-settings=\"{&quot;background_background&quot;:&quot;classic&quot;}\">\n\t\t\t\t\t<div class=\"e-con-inner\">\n\t\t\t\t<div class=\"elementor-element elementor-element-232e927 elementor-widget elementor-widget-heading\" data-id=\"232e927\" data-element_type=\"widget\" data-e-type=\"widget\" data-widget_type=\"heading.default\">\n\t\t\t\t<div class=\"elementor-widget-container\">\n\t\t\t\t\t<h1 class=\"elementor-heading-title elementor-size-default\">Blog<\/h1>\t\t\t\t<\/div>\n\t\t\t\t<\/div>\n\t\t\t\t\t<\/div>\n\t\t\t\t<\/div>\n\t\t<div class=\"elementor-element elementor-element-b6951ac e-flex e-con-boxed e-con e-parent\" data-id=\"b6951ac\" data-element_type=\"container\" data-e-type=\"container\">\n\t\t\t\t\t<div class=\"e-con-inner\">\n\t\t<div class=\"elementor-element elementor-element-918b519 e-con-full e-flex e-con e-child\" data-id=\"918b519\" data-element_type=\"container\" data-e-type=\"container\">\n\t\t\t\t<div class=\"elementor-element elementor-element-82d83d7 elementor-grid-3 elementor-grid-tablet-2 elementor-grid-mobile-1 elementor-posts--thumbnail-top elementor-widget elementor-widget-posts\" data-id=\"82d83d7\" data-element_type=\"widget\" data-e-type=\"widget\" data-settings=\"{&quot;pagination_type&quot;:&quot;numbers&quot;,&quot;classic_columns&quot;:&quot;3&quot;,&quot;classic_columns_tablet&quot;:&quot;2&quot;,&quot;classic_columns_mobile&quot;:&quot;1&quot;,&quot;classic_row_gap&quot;:{&quot;unit&quot;:&quot;px&quot;,&quot;size&quot;:35,&quot;sizes&quot;:[]},&quot;classic_row_gap_laptop&quot;:{&quot;unit&quot;:&quot;px&quot;,&quot;size&quot;:&quot;&quot;,&quot;sizes&quot;:[]},&quot;classic_row_gap_tablet&quot;:{&quot;unit&quot;:&quot;px&quot;,&quot;size&quot;:&quot;&quot;,&quot;sizes&quot;:[]},&quot;classic_row_gap_mobile_extra&quot;:{&quot;unit&quot;:&quot;px&quot;,&quot;size&quot;:&quot;&quot;,&quot;sizes&quot;:[]},&quot;classic_row_gap_mobile&quot;:{&quot;unit&quot;:&quot;px&quot;,&quot;size&quot;:&quot;&quot;,&quot;sizes&quot;:[]}}\" data-widget_type=\"posts.classic\">\n\t\t\t\t<div class=\"elementor-widget-container\">\n\t\t\t\t\t\t\t<div class=\"elementor-posts-container elementor-posts elementor-posts--skin-classic elementor-grid\" role=\"list\">\n\t\t\t\t<article class=\"elementor-post elementor-grid-item post-2302 post type-post status-publish format-standard has-post-thumbnail hentry category-blog\" role=\"listitem\">\n\t\t\t\t<a class=\"elementor-post__thumbnail__link\" href=\"https:\/\/hotelaraz.eu\/en\/2025\/09\/12\/el-nacimiento-del-rio-ebro-un-lugar-magico-en-cantabria\/\" tabindex=\"-1\" >\n\t\t\t<div class=\"elementor-post__thumbnail\"><img fetchpriority=\"high\" decoding=\"async\" width=\"1900\" height=\"1425\" src=\"https:\/\/hotelaraz.eu\/en\/wp-content\/uploads\/sites\/3\/rio-ebro-02-hotel-araz.webp\" class=\"attachment-medium size-medium wp-image-2198\" alt=\"rio ebro 02 hotel araz\" srcset=\"https:\/\/hotelaraz.eu\/en\/wp-content\/uploads\/sites\/3\/rio-ebro-02-hotel-araz.webp 1900w, https:\/\/hotelaraz.eu\/en\/wp-content\/uploads\/sites\/3\/rio-ebro-02-hotel-araz-768x576.webp 768w, https:\/\/hotelaraz.eu\/en\/wp-content\/uploads\/sites\/3\/rio-ebro-02-hotel-araz-1536x1152.webp 1536w\" sizes=\"(max-width: 1900px) 100vw, 1900px\" \/><\/div>\n\t\t<\/a>\n\t\t\t\t<div class=\"elementor-post__text\">\n\t\t\t\t<h3 class=\"elementor-post__title\">\n\t\t\t<a href=\"https:\/\/hotelaraz.eu\/en\/2025\/09\/12\/el-nacimiento-del-rio-ebro-un-lugar-magico-en-cantabria\/\" >\n\t\t\t\tThe source of the River Ebro: a magical place in Cantabria\t\t\t<\/a>\n\t\t<\/h3>\n\t\t\t\t<div class=\"elementor-post__meta-data\">\n\t\t\t\t\t<span class=\"elementor-post-date\">\n\t\t\t12 de septiembre de 2025\t\t<\/span>\n\t\t\t\t<\/div>\n\t\t\t\t<div class=\"elementor-post__excerpt\">\n\t\t\t<p>In the heart of Cantabria, surrounded by forests and meadows, springs forth the water that will become one of the most important rivers on the<\/p>\n\t\t<\/div>\n\t\t\t\t\t<div class=\"elementor-post__read-more-wrapper\">\n\t\t\n\t\t<a class=\"elementor-post__read-more\" href=\"https:\/\/hotelaraz.eu\/en\/2025\/09\/12\/el-nacimiento-del-rio-ebro-un-lugar-magico-en-cantabria\/\" aria-label=\"M\u00e1s informaci\u00f3n sobre The source of the River Ebro: a magical place in Cantabria\" tabindex=\"-1\" >\n\t\t\tLeer m\u00e1s \u00bb\t\t<\/a>\n\n\t\t\t\t\t<\/div>\n\t\t\t\t<\/div>\n\t\t\t\t<\/article>\n\t\t\t\t<article class=\"elementor-post elementor-grid-item post-2300 post type-post status-publish format-standard has-post-thumbnail hentry category-blog\" role=\"listitem\">\n\t\t\t\t<a class=\"elementor-post__thumbnail__link\" href=\"https:\/\/hotelaraz.eu\/en\/2025\/09\/12\/castillo-de-argueso-historia-viva-en-piedra-y-nobleza\/\" tabindex=\"-1\" >\n\t\t\t<div class=\"elementor-post__thumbnail\"><img decoding=\"async\" width=\"800\" height=\"332\" src=\"https:\/\/hotelaraz.eu\/en\/wp-content\/uploads\/sites\/3\/Castillo_de_Argueso.webp\" class=\"attachment-medium size-medium wp-image-2090\" alt=\"Castillo de Arg\u00fceso\" srcset=\"https:\/\/hotelaraz.eu\/en\/wp-content\/uploads\/sites\/3\/Castillo_de_Argueso.webp 800w, https:\/\/hotelaraz.eu\/en\/wp-content\/uploads\/sites\/3\/Castillo_de_Argueso-768x319.webp 768w\" sizes=\"(max-width: 800px) 100vw, 800px\" \/><\/div>\n\t\t<\/a>\n\t\t\t\t<div class=\"elementor-post__text\">\n\t\t\t\t<h3 class=\"elementor-post__title\">\n\t\t\t<a href=\"https:\/\/hotelaraz.eu\/en\/2025\/09\/12\/castillo-de-argueso-historia-viva-en-piedra-y-nobleza\/\" >\n\t\t\t\tArg\u00fceso Castle: living history in stone and nobility\t\t\t<\/a>\n\t\t<\/h3>\n\t\t\t\t<div class=\"elementor-post__meta-data\">\n\t\t\t\t\t<span class=\"elementor-post-date\">\n\t\t\t12 de septiembre de 2025\t\t<\/span>\n\t\t\t\t<\/div>\n\t\t\t\t<div class=\"elementor-post__excerpt\">\n\t\t\t<p>Atop a hill overlooking the Campoo de Suso valley in southern Cantabria stands the imposing Castle of San Vicente de Arg\u00fceso. This medieval fortress, popularly<\/p>\n\t\t<\/div>\n\t\t\t\t\t<div class=\"elementor-post__read-more-wrapper\">\n\t\t\n\t\t<a class=\"elementor-post__read-more\" href=\"https:\/\/hotelaraz.eu\/en\/2025\/09\/12\/castillo-de-argueso-historia-viva-en-piedra-y-nobleza\/\" aria-label=\"M\u00e1s informaci\u00f3n sobre Arg\u00fceso Castle: living history in stone and nobility\" tabindex=\"-1\" >\n\t\t\tLeer m\u00e1s \u00bb\t\t<\/a>\n\n\t\t\t\t\t<\/div>\n\t\t\t\t<\/div>\n\t\t\t\t<\/article>\n\t\t\t\t<article class=\"elementor-post elementor-grid-item post-2298 post type-post status-publish format-standard has-post-thumbnail hentry category-blog\" role=\"listitem\">\n\t\t\t\t<a class=\"elementor-post__thumbnail__link\" href=\"https:\/\/hotelaraz.eu\/en\/2025\/09\/12\/ruta-de-los-menhires-de-valdeolea-un-viaje-milenario-en-cantabria\/\" tabindex=\"-1\" >\n\t\t\t<div class=\"elementor-post__thumbnail\"><img decoding=\"async\" width=\"1000\" height=\"750\" src=\"https:\/\/hotelaraz.eu\/en\/wp-content\/uploads\/sites\/3\/ruta-menhires.webp\" class=\"attachment-medium size-medium wp-image-2063\" alt=\"ruta menhires\" srcset=\"https:\/\/hotelaraz.eu\/en\/wp-content\/uploads\/sites\/3\/ruta-menhires.webp 1000w, https:\/\/hotelaraz.eu\/en\/wp-content\/uploads\/sites\/3\/ruta-menhires-768x576.webp 768w\" sizes=\"(max-width: 1000px) 100vw, 1000px\" \/><\/div>\n\t\t<\/a>\n\t\t\t\t<div class=\"elementor-post__text\">\n\t\t\t\t<h3 class=\"elementor-post__title\">\n\t\t\t<a href=\"https:\/\/hotelaraz.eu\/en\/2025\/09\/12\/ruta-de-los-menhires-de-valdeolea-un-viaje-milenario-en-cantabria\/\" >\n\t\t\t\tThe Valdeolea Menhir Route: a thousand-year journey in Cantabria\t\t\t<\/a>\n\t\t<\/h3>\n\t\t\t\t<div class=\"elementor-post__meta-data\">\n\t\t\t\t\t<span class=\"elementor-post-date\">\n\t\t\t12 de septiembre de 2025\t\t<\/span>\n\t\t\t\t<\/div>\n\t\t\t\t<div class=\"elementor-post__excerpt\">\n\t\t\t<p>If you are looking for a getaway that combines history, nature and unique landscapes, the Valdeolea Menhir Route is a must-see in southern Cantabria. This<\/p>\n\t\t<\/div>\n\t\t\t\t\t<div class=\"elementor-post__read-more-wrapper\">\n\t\t\n\t\t<a class=\"elementor-post__read-more\" href=\"https:\/\/hotelaraz.eu\/en\/2025\/09\/12\/ruta-de-los-menhires-de-valdeolea-un-viaje-milenario-en-cantabria\/\" aria-label=\"M\u00e1s informaci\u00f3n sobre The Valdeolea Menhir Route: a thousand-year journey in Cantabria\" tabindex=\"-1\" >\n\t\t\tLeer m\u00e1s \u00bb\t\t<\/a>\n\n\t\t\t\t\t<\/div>\n\t\t\t\t<\/div>\n\t\t\t\t<\/article>\n\t\t\t\t<\/div>\n\t\t\n\t\t\t\t\t\t<\/div>\n\t\t\t\t<\/div>\n\t\t\t\t<\/div>\n\t\t\t\t\t<\/div>\n\t\t\t\t<\/div>\n\t\t\t\t<\/div>\n\t\t","protected":false},"excerpt":{"rendered":"<p>A\u00f1adir una nueva entrada<\/p>\n","protected":false},"author":1,"featured_media":1731,"parent":0,"menu_order":0,"comment_status":"closed","ping_status":"closed","template":"elementor_header_footer","meta":{"footnotes":""},"class_list":["post-137","page","type-page","status-publish","has-post-thumbnail","hentry"],"yoast_head":"<!-- This site is optimized with the Yoast SEO plugin v27.5 - https:\/\/yoast.com\/product\/yoast-seo-wordpress\/ -->\n<title>Blog - Hotel Araz<\/title>\n<meta name=\"description\" content=\"Informaci\u00f3n sobre los lugares m\u00e1s impresionantes y emblem\u00e1ticos de Cantabria los encontrar\u00e1s en nuestro Blog. \u00a1Vis\u00edtanos!\" \/>\n<meta name=\"robots\" content=\"index, follow, max-snippet:-1, max-image-preview:large, max-video-preview:-1\" \/>\n<link rel=\"canonical\" href=\"https:\/\/hotelaraz.eu\/en\/blog\/\" \/>\n<meta property=\"og:locale\" content=\"es_ES\" \/>\n<meta property=\"og:type\" content=\"article\" \/>\n<meta property=\"og:title\" content=\"Blog - Hotel Araz\" \/>\n<meta property=\"og:description\" content=\"Informaci\u00f3n sobre los lugares m\u00e1s impresionantes y emblem\u00e1ticos de Cantabria los encontrar\u00e1s en nuestro Blog. \u00a1Vis\u00edtanos!\" \/>\n<meta property=\"og:url\" content=\"https:\/\/hotelaraz.eu\/en\/blog\/\" \/>\n<meta property=\"og:site_name\" content=\"Hotel Araz\" \/>\n<meta property=\"article:modified_time\" content=\"2025-12-02T11:19:36+00:00\" \/>\n<meta property=\"og:image\" content=\"https:\/\/hotelaraz.eu\/en\/wp-content\/uploads\/sites\/3\/Vista-desde-Hotel-Araz.webp\" \/>\n\t<meta property=\"og:image:width\" content=\"1900\" \/>\n\t<meta property=\"og:image:height\" content=\"1425\" \/>\n\t<meta property=\"og:image:type\" content=\"image\/webp\" \/>\n<meta name=\"twitter:card\" content=\"summary_large_image\" \/>\n<meta name=\"twitter:label1\" content=\"Tiempo de lectura\" \/>\n\t<meta name=\"twitter:data1\" content=\"3 minutos\" \/>\n<script type=\"application\/ld+json\" class=\"yoast-schema-graph\">{\"@context\":\"https:\\\/\\\/schema.org\",\"@graph\":[{\"@type\":\"WebPage\",\"@id\":\"https:\\\/\\\/hotelaraz.eu\\\/en\\\/blog\\\/\",\"url\":\"https:\\\/\\\/hotelaraz.eu\\\/en\\\/blog\\\/\",\"name\":\"Blog - Hotel Araz\",\"isPartOf\":{\"@id\":\"https:\\\/\\\/hotelaraz.eu\\\/en\\\/#website\"},\"primaryImageOfPage\":{\"@id\":\"https:\\\/\\\/hotelaraz.eu\\\/en\\\/blog\\\/#primaryimage\"},\"image\":{\"@id\":\"https:\\\/\\\/hotelaraz.eu\\\/en\\\/blog\\\/#primaryimage\"},\"thumbnailUrl\":\"https:\\\/\\\/hotelaraz.eu\\\/en\\\/wp-content\\\/uploads\\\/sites\\\/3\\\/Vista-desde-Hotel-Araz.webp\",\"datePublished\":\"2024-07-17T14:02:40+00:00\",\"dateModified\":\"2025-12-02T11:19:36+00:00\",\"description\":\"Informaci\u00f3n sobre los lugares m\u00e1s impresionantes y emblem\u00e1ticos de Cantabria los encontrar\u00e1s en nuestro Blog. \u00a1Vis\u00edtanos!\",\"breadcrumb\":{\"@id\":\"https:\\\/\\\/hotelaraz.eu\\\/en\\\/blog\\\/#breadcrumb\"},\"inLanguage\":\"es\",\"potentialAction\":[{\"@type\":\"ReadAction\",\"target\":[\"https:\\\/\\\/hotelaraz.eu\\\/en\\\/blog\\\/\"]}]},{\"@type\":\"ImageObject\",\"inLanguage\":\"es\",\"@id\":\"https:\\\/\\\/hotelaraz.eu\\\/en\\\/blog\\\/#primaryimage\",\"url\":\"https:\\\/\\\/hotelaraz.eu\\\/en\\\/wp-content\\\/uploads\\\/sites\\\/3\\\/Vista-desde-Hotel-Araz.webp\",\"contentUrl\":\"https:\\\/\\\/hotelaraz.eu\\\/en\\\/wp-content\\\/uploads\\\/sites\\\/3\\\/Vista-desde-Hotel-Araz.webp\",\"width\":1900,\"height\":1425,\"caption\":\"Vista desde Hotel Araz\"},{\"@type\":\"BreadcrumbList\",\"@id\":\"https:\\\/\\\/hotelaraz.eu\\\/en\\\/blog\\\/#breadcrumb\",\"itemListElement\":[{\"@type\":\"ListItem\",\"position\":1,\"name\":\"Portada\",\"item\":\"https:\\\/\\\/hotelaraz.eu\\\/en\\\/\"},{\"@type\":\"ListItem\",\"position\":2,\"name\":\"Blog\"}]},{\"@type\":\"WebSite\",\"@id\":\"https:\\\/\\\/hotelaraz.eu\\\/en\\\/#website\",\"url\":\"https:\\\/\\\/hotelaraz.eu\\\/en\\\/\",\"name\":\"Hotel Araz\",\"description\":\"Hotel rural con vistas al Embalse del Ebro, en Llano (Las Rozas de Valdearroyo) y cerca de Reinosa. Naturaleza, restaurante casero, quiromasaje, alquiler de bicicletas y mascotas bienvenidas.\",\"publisher\":{\"@id\":\"https:\\\/\\\/hotelaraz.eu\\\/en\\\/#organization\"},\"potentialAction\":[{\"@type\":\"SearchAction\",\"target\":{\"@type\":\"EntryPoint\",\"urlTemplate\":\"https:\\\/\\\/hotelaraz.eu\\\/en\\\/?s={search_term_string}\"},\"query-input\":{\"@type\":\"PropertyValueSpecification\",\"valueRequired\":true,\"valueName\":\"search_term_string\"}}],\"inLanguage\":\"es\"},{\"@type\":\"Organization\",\"@id\":\"https:\\\/\\\/hotelaraz.eu\\\/en\\\/#organization\",\"name\":\"Hotel Araz\",\"url\":\"https:\\\/\\\/hotelaraz.eu\\\/en\\\/\",\"logo\":{\"@type\":\"ImageObject\",\"inLanguage\":\"es\",\"@id\":\"https:\\\/\\\/hotelaraz.eu\\\/en\\\/#\\\/schema\\\/logo\\\/image\\\/\",\"url\":\"https:\\\/\\\/hotelaraz.eu\\\/en\\\/wp-content\\\/uploads\\\/sites\\\/3\\\/Hotel-Araz-a-1000.webp\",\"contentUrl\":\"https:\\\/\\\/hotelaraz.eu\\\/en\\\/wp-content\\\/uploads\\\/sites\\\/3\\\/Hotel-Araz-a-1000.webp\",\"width\":300,\"height\":410,\"caption\":\"Hotel Araz\"},\"image\":{\"@id\":\"https:\\\/\\\/hotelaraz.eu\\\/en\\\/#\\\/schema\\\/logo\\\/image\\\/\"}}]}<\/script>\n<!-- \/ Yoast SEO plugin. -->","yoast_head_json":{"title":"Blog - Hotel Araz","description":"Informaci\u00f3n sobre los lugares m\u00e1s impresionantes y emblem\u00e1ticos de Cantabria los encontrar\u00e1s en nuestro Blog. \u00a1Vis\u00edtanos!","robots":{"index":"index","follow":"follow","max-snippet":"max-snippet:-1","max-image-preview":"max-image-preview:large","max-video-preview":"max-video-preview:-1"},"canonical":"https:\/\/hotelaraz.eu\/en\/blog\/","og_locale":"es_ES","og_type":"article","og_title":"Blog - Hotel Araz","og_description":"Informaci\u00f3n sobre los lugares m\u00e1s impresionantes y emblem\u00e1ticos de Cantabria los encontrar\u00e1s en nuestro Blog. \u00a1Vis\u00edtanos!","og_url":"https:\/\/hotelaraz.eu\/en\/blog\/","og_site_name":"Hotel Araz","article_modified_time":"2025-12-02T11:19:36+00:00","og_image":[{"width":1900,"height":1425,"url":"https:\/\/hotelaraz.eu\/en\/wp-content\/uploads\/sites\/3\/Vista-desde-Hotel-Araz.webp","type":"image\/webp"}],"twitter_card":"summary_large_image","twitter_misc":{"Tiempo de lectura":"3 minutos"},"schema":{"@context":"https:\/\/schema.org","@graph":[{"@type":"WebPage","@id":"https:\/\/hotelaraz.eu\/en\/blog\/","url":"https:\/\/hotelaraz.eu\/en\/blog\/","name":"Blog - Hotel Araz","isPartOf":{"@id":"https:\/\/hotelaraz.eu\/en\/#website"},"primaryImageOfPage":{"@id":"https:\/\/hotelaraz.eu\/en\/blog\/#primaryimage"},"image":{"@id":"https:\/\/hotelaraz.eu\/en\/blog\/#primaryimage"},"thumbnailUrl":"https:\/\/hotelaraz.eu\/en\/wp-content\/uploads\/sites\/3\/Vista-desde-Hotel-Araz.webp","datePublished":"2024-07-17T14:02:40+00:00","dateModified":"2025-12-02T11:19:36+00:00","description":"Informaci\u00f3n sobre los lugares m\u00e1s impresionantes y emblem\u00e1ticos de Cantabria los encontrar\u00e1s en nuestro Blog. \u00a1Vis\u00edtanos!","breadcrumb":{"@id":"https:\/\/hotelaraz.eu\/en\/blog\/#breadcrumb"},"inLanguage":"es","potentialAction":[{"@type":"ReadAction","target":["https:\/\/hotelaraz.eu\/en\/blog\/"]}]},{"@type":"ImageObject","inLanguage":"es","@id":"https:\/\/hotelaraz.eu\/en\/blog\/#primaryimage","url":"https:\/\/hotelaraz.eu\/en\/wp-content\/uploads\/sites\/3\/Vista-desde-Hotel-Araz.webp","contentUrl":"https:\/\/hotelaraz.eu\/en\/wp-content\/uploads\/sites\/3\/Vista-desde-Hotel-Araz.webp","width":1900,"height":1425,"caption":"Vista desde Hotel Araz"},{"@type":"BreadcrumbList","@id":"https:\/\/hotelaraz.eu\/en\/blog\/#breadcrumb","itemListElement":[{"@type":"ListItem","position":1,"name":"Portada","item":"https:\/\/hotelaraz.eu\/en\/"},{"@type":"ListItem","position":2,"name":"Blog"}]},{"@type":"WebSite","@id":"https:\/\/hotelaraz.eu\/en\/#website","url":"https:\/\/hotelaraz.eu\/en\/","name":"Hotel Araz","description":"Hotel rural con vistas al Embalse del Ebro, en Llano (Las Rozas de Valdearroyo) y cerca de Reinosa. Naturaleza, restaurante casero, quiromasaje, alquiler de bicicletas y mascotas bienvenidas.","publisher":{"@id":"https:\/\/hotelaraz.eu\/en\/#organization"},"potentialAction":[{"@type":"SearchAction","target":{"@type":"EntryPoint","urlTemplate":"https:\/\/hotelaraz.eu\/en\/?s={search_term_string}"},"query-input":{"@type":"PropertyValueSpecification","valueRequired":true,"valueName":"search_term_string"}}],"inLanguage":"es"},{"@type":"Organization","@id":"https:\/\/hotelaraz.eu\/en\/#organization","name":"Hotel Araz","url":"https:\/\/hotelaraz.eu\/en\/","logo":{"@type":"ImageObject","inLanguage":"es","@id":"https:\/\/hotelaraz.eu\/en\/#\/schema\/logo\/image\/","url":"https:\/\/hotelaraz.eu\/en\/wp-content\/uploads\/sites\/3\/Hotel-Araz-a-1000.webp","contentUrl":"https:\/\/hotelaraz.eu\/en\/wp-content\/uploads\/sites\/3\/Hotel-Araz-a-1000.webp","width":300,"height":410,"caption":"Hotel Araz"},"image":{"@id":"https:\/\/hotelaraz.eu\/en\/#\/schema\/logo\/image\/"}}]}},"_links":{"self":[{"href":"https:\/\/hotelaraz.eu\/en\/wp-json\/wp\/v2\/pages\/137","targetHints":{"allow":["GET"]}}],"collection":[{"href":"https:\/\/hotelaraz.eu\/en\/wp-json\/wp\/v2\/pages"}],"about":[{"href":"https:\/\/hotelaraz.eu\/en\/wp-json\/wp\/v2\/types\/page"}],"author":[{"embeddable":true,"href":"https:\/\/hotelaraz.eu\/en\/wp-json\/wp\/v2\/users\/1"}],"replies":[{"embeddable":true,"href":"https:\/\/hotelaraz.eu\/en\/wp-json\/wp\/v2\/comments?post=137"}],"version-history":[{"count":0,"href":"https:\/\/hotelaraz.eu\/en\/wp-json\/wp\/v2\/pages\/137\/revisions"}],"wp:featuredmedia":[{"embeddable":true,"href":"https:\/\/hotelaraz.eu\/en\/wp-json\/wp\/v2\/media\/1731"}],"wp:attachment":[{"href":"https:\/\/hotelaraz.eu\/en\/wp-json\/wp\/v2\/media?parent=137"}],"curies":[{"name":"wp","href":"https:\/\/api.w.org\/{rel}","templated":true}]}}