{"id":61,"date":"2024-07-17T10:40:02","date_gmt":"2024-07-17T08:40:02","guid":{"rendered":"https:\/\/hotelaraz.eu\/?page_id=61"},"modified":"2025-12-12T17:11:51","modified_gmt":"2025-12-12T16:11:51","slug":"politica-de-privacidad","status":"publish","type":"page","link":"https:\/\/hotelaraz.eu\/en\/politica-de-privacidad\/","title":{"rendered":"Pol\u00edtica de protecci\u00f3n de datos"},"content":{"rendered":"\t\t<div data-elementor-type=\"wp-page\" data-elementor-id=\"61\" class=\"elementor elementor-61\" data-elementor-post-type=\"page\">\n\t\t\t\t<div class=\"elementor-element elementor-element-5b67b6e e-flex e-con-boxed e-con e-parent\" data-id=\"5b67b6e\" data-element_type=\"container\" data-e-type=\"container\">\n\t\t\t\t\t<div class=\"e-con-inner\">\n\t\t<div class=\"elementor-element elementor-element-62bdc8e e-con-full e-flex e-con e-child\" data-id=\"62bdc8e\" data-element_type=\"container\" data-e-type=\"container\">\n\t\t\t\t<div class=\"elementor-element elementor-element-63a5851 elementor-widget elementor-widget-heading\" data-id=\"63a5851\" data-element_type=\"widget\" data-e-type=\"widget\" data-widget_type=\"heading.default\">\n\t\t\t\t<div class=\"elementor-widget-container\">\n\t\t\t\t\t<h2 class=\"elementor-heading-title elementor-size-default\">Pol\u00edtica de protecci\u00f3n de datos<\/h2>\t\t\t\t<\/div>\n\t\t\t\t<\/div>\n\t\t\t\t<div class=\"elementor-element elementor-element-b614631 elementor-widget elementor-widget-text-editor\" data-id=\"b614631\" data-element_type=\"widget\" data-e-type=\"widget\" data-widget_type=\"text-editor.default\">\n\t\t\t\t<div class=\"elementor-widget-container\">\n\t\t\t\t\t\t\t\t\t<p><strong>Protecci\u00f3n de datos<\/strong><\/p><p>Como consecuencia de la navegaci\u00f3n en la web y de la cumplimentaci\u00f3n de los formularios de la web, el usuario acepta que los datos personales por \u00e9l facilitados o que se faciliten en el futuro a trav\u00e9s de dicho servicio, sean objeto de tratamiento en ficheros de datos de car\u00e1cter personal de Dreamings Mountain SL, CIF B75537902, incluyendo la recopilaci\u00f3n de datos de acceso y la utilizaci\u00f3n de cookies y funciones proporcionadas por terceros.<\/p><p>Para cualquier consulta o para ejercer sus derechos en materia de protecci\u00f3n de datos, el usuario puede dirigirse al delegado de protecci\u00f3n de datos a trav\u00e9s de nuestra\u00a0<a href=\"\/#contacto\">p\u00e1gina de contacto principal<\/a>.<\/p><p><strong>Finalidad del tratamiento, base legal y destinatarios de la informaci\u00f3n<\/strong><\/p><p>Los datos se utilizan para:<br \/>\u2022 Permitir el funcionamiento de la web y proporcionar acceso a las \u00e1reas destinadas a usuarios registrados.<br \/>\u2022 Registrar y atender las solicitudes realizadas por los usuarios a trav\u00e9s de los formularios de la web (contacto, etc).<br \/>\u2022 La prestaci\u00f3n y administraci\u00f3n los servicios de Dreamings Mountain SL, la tramitaci\u00f3n de reservas y el cobro de productos y servicios a trav\u00e9s de webs del grupo o vinculadas, call centers, sistemas m\u00f3viles de comunicaci\u00f3n basados en tecnolog\u00edas GSM, GPRS o UMTS; gesti\u00f3n de incidencias y quejas.<br \/>\u2022 Gestionar la participaci\u00f3n en programas de fidelizaci\u00f3n.<br \/>\u2022 Suscripci\u00f3n a newsletter Dreamings Mountain SL, remisi\u00f3n de publicidad y otras promociones comerciales mediante correo electr\u00f3nico, SMS, MMS o cualquier otro medio an\u00e1logo de Dreamings Mountain SL.<br \/>\u2022 La realizaci\u00f3n de encuestas de calidad.<br \/>\u2022 La realizaci\u00f3n de concursos.<br \/>\u2022\u00a0 Elaborar anal\u00edticas web y estad\u00edsticas.<br \/>\u2022 Incluir funciones proporcionadas por terceros (Google Maps, etc).<br \/>\u2022 Permitirte recuperar la contrataci\u00f3n si no la terminas.<br \/>\u2022 Check-in y checkout en nuestros establecimientos.<br \/>\u2022 Servicio wifi en los establecimientos Dreamings Mountain SL.<br \/>\u2022 Tokenizaci\u00f3n de tarjetas.<\/p><p><strong>Navegaci\u00f3n en la web <\/strong><\/p><p>\u2022 Finalidad: se tratan los datos necesarios para la provisi\u00f3n de los servicios en l\u00ednea, incluyendo el registro de direcciones IP, p\u00e1ginas visitadas y fecha de acceso, as\u00ed como informaci\u00f3n sobre el terminal del usuario. Los datos tambi\u00e9n se tratan para fines de seguridad y de mejora de la web.<br \/>\u2022 Legitimaci\u00f3n: el tratamiento de los datos es necesario para la provisi\u00f3n de los servicios en l\u00ednea; consentimiento, expresado a trav\u00e9s de la utilizaci\u00f3n de la web.<br \/>\u2022 Destinatarios y transferencias: empresas y establecimientos de Dreamings Mountain SL.<\/p><p>La entrega de todos los datos requeridos para el registro como usuario es obligatoria si no se especifica lo contrario en el formulario de registro, pudiendo Dreamings Mountain SL, denegar el registro al interesado que no facilite tales datos.<\/p><p><strong>Utilizaci\u00f3n de los formularios de la web<\/strong><\/p><p>Finalidad: atender las solicitudes realizadas a trav\u00e9s de los formularios web.<br \/>\u2022 Legitimaci\u00f3n: consentimiento expresado al utilizar y enviar el formulario.<br \/>\u2022 Destinatarios y transferencias: empresas y establecimientos de Dreamings Mountain SL y otras empresas involucradas en prestar los servicios solicitados.<\/p><p><strong>Prestaci\u00f3n de servicios<\/strong><\/p><p>\u2022 Finalidad: prestar los servicios incluyendo gesti\u00f3n de reservas hoteleras y pago. Enviar informaci\u00f3n sobre los servicios de Dreamings Mountain SL por medios electr\u00f3nicos.<br \/>\u2022 Legitimaci\u00f3n: ejecuci\u00f3n del contrato o prestaci\u00f3n del servicio.<br \/>\u2022 Destinatarios y transferencias: empresas y establecimientos de Dreamings Mountain SL y otras empresas involucradas en prestar los servicios solicitados.<\/p><p><strong>Programas de fidelizaci\u00f3n<\/strong><\/p><p>\u2022 Finalidad: participar en los programas de fidelizaci\u00f3n. Enviar informaci\u00f3n sobre los servicios de Dreamings Mountain SL por medios electr\u00f3nicos. Personalizar la informaci\u00f3n comercial en funci\u00f3n del perfil o ubicaci\u00f3n. Programas de puntos y otros beneficios. Tarifas con descuento por ser miembro.<br \/>\u2022 Legitimaci\u00f3n: ejecuci\u00f3n del programa de fidelizaci\u00f3n; consentimiento.<br \/>\u2022 Destinatarios y transferencias: empresas y establecimientos de Dreamings Mountain SL.<\/p><p><strong>Suscripci\u00f3n a newsletter Dreamings Mountain SL, remisi\u00f3n de publicidad y otras promociones comerciales<\/strong><\/p><p>\u2022 Finalidad: enviar informaci\u00f3n sobre los servicios de Dreamings Mountain SL, por correo electr\u00f3nico, SMS, MMS o cualquier otro medio an\u00e1logo.<br \/>\u2022 Legitimaci\u00f3n: existencia de una relaci\u00f3n contractual previa; consentimiento.<br \/>\u2022 Destinatarios y transferencias: empresas y establecimientos de Dreamings Mountain SL.<\/p><p><strong>Encuesta de calidad<\/strong><\/p><p>\u2022 Finalidad: conocer la opini\u00f3n de los clientes y atender sus comentarios.<br \/>\u2022 Legitimaci\u00f3n: forma parte de la ejecuci\u00f3n del contrato o prestaci\u00f3n del servicio.<br \/>\u2022 Destinatarios y transferencias: empresas y establecimientos de Dreamings Mountain SL, departamentos de calidad.<\/p><p><strong>Concursos<\/strong><\/p><p>\u2022 Finalidad: organizar concursos destinados a promocionar a Dreamings Mountain SL, sus establecimientos y marcas. Comunicaci\u00f3n de los ganadores y entrega de premios, en su caso.<br \/>\u2022 Legitimaci\u00f3n: ejecuci\u00f3n del concurso, incluyendo la publicaci\u00f3n de la obra ganadora (por ejemplo, concursos fotogr\u00e1ficos y literarios) y de su autor conforme las bases de participaci\u00f3n.<br \/>\u2022 Destinatarios y transferencias: empresas y establecimientos de Dreamings Mountain SL. P\u00e1ginas web, redes sociales y medios de comunicaci\u00f3n donde se publiquen los ganadores.<\/p><p><strong>Anal\u00edticas Web<\/strong><\/p><p>Finalidad: conocer la manera en que la web es buscada, accedida y utilizada por el p\u00fablico. Pueden implicar la recopilaci\u00f3n de datos de car\u00e1cter personal como por ejemplo la direcci\u00f3n IP, la localizaci\u00f3n de la conexi\u00f3n, la informaci\u00f3n sobre el software o hardware de navegaci\u00f3n, etc.<br \/>\u2022 Legitimaci\u00f3n: para las funciones no esenciales, consentimiento, expresado a trav\u00e9s del configurador de cookies.<br \/>\u2022 Destinatarios y transferencias: empresas y establecimientos de Dreamings Mountain SL.<\/p><p><strong>Funciones proporcionadas terceros<\/strong><\/p><p>\u2022 Finalidad: incorporar funciones proporcionados por terceros, como mapas, anal\u00edticas, botones sociales, widgets y asistentes virtuales.<br \/>\u2022 Legitimaci\u00f3n: para las funciones no esenciales, consentimiento, expresado a trav\u00e9s del configurador de cookies.<br \/>\u2022 Destinatarios y transferencias: Las funciones de terceros establecen una conexi\u00f3n directa entre el navegador del usuario y los dominios de Internet de los terceros, permitiendo la descarga y ejecuci\u00f3n de la funci\u00f3n, inclusive desde p\u00e1ginas fuera del Espacio Econ\u00f3mico Europeo. Las funciones proporcionadas por Google, como Google Analytics y Google Maps, de autorizarse, se rigen por la pol\u00edtica de privacidad de Google,\u00a0<a href=\"https:\/\/policies.google.com\/privacy\">https:\/\/policies.google.com\/privacy.<\/a><\/p><p><strong>Permitir recuperar la contrataci\u00f3n si no ha sido completada<\/strong><\/p><p>Para facilitar la contrataci\u00f3n, y en base a nuestros leg\u00edtimos intereses, podemos almacenar de forma temporal los datos del formulario de contrataci\u00f3n (en particular, de la reserva, sin almacenar datos de pago) para enviar un correo que permite recuperar y completar la contrataci\u00f3n. Esta informaci\u00f3n solo se mantiene algunos d\u00edas, exclusivamente para esta finalidad, despu\u00e9s se borra de manera definitiva, autom\u00e1ticamente.<\/p><p><strong>Check-in y checkout en nuestros establecimientos<\/strong><\/p><p>\u2022 Para alojarte en nuestros establecimientos, las regulaciones locales pueden exigir ciertos datos. En particular, en los establecimientos en Espa\u00f1a, la legislaci\u00f3n vigente, en conexi\u00f3n con ficheros de las Fuerzas y Cuerpos de Seguridad, exige solicitar una direcci\u00f3n de correo electr\u00f3nico y un tel\u00e9fono, el n\u00famero del documento la identidad y la exhibici\u00f3n del documento de identidad.<br \/>\u2022 Durante los procesos de check-in y check-out (entrada y salida) podemos enviarte comunicaciones electr\u00f3nicas, con instrucciones e informaci\u00f3n adicional, como parte de nuestros servicios.<\/p><p><strong>Tokenizaci\u00f3n de tarjetas de pago<\/strong><\/p><p>\u2022 Como medida de seguridad y prevenci\u00f3n de fraude, los datos de tarjeta necesarios se almacenan mediante tokenizaci\u00f3n, evitando mantener informaci\u00f3n sensible en nuestros sistemas.<\/p><p><strong>Veracidad de los datos<\/strong><\/p><p>El usuario debe rellenar los formularios con datos verdaderos, exactos, completos y actuales. El usuario no introducir\u00e1 datos correspondientes a otra persona, sin autorizaci\u00f3n; Dreamings Mountain SL presumir\u00e1 que los datos han sido facilitados por el titular de los mismos, o con su autorizaci\u00f3n. El usuario ser\u00e1 el \u00fanico responsable de cualquier da\u00f1o o perjuicio, directo o indirecto que pudiera ocasionar a cualquier persona a causa de la cumplimentaci\u00f3n del formulario con datos relativos a otra persona.<\/p><p><strong>Derechos de acceso, rectificaciones, supresi\u00f3n, oposici\u00f3n y otros<\/strong><\/p><p>El titular de los datos tiene en todo momento el derecho de acceder, rectificar, y suprimir los datos que lo conciernen, as\u00ed como oponerse al tratamiento de sus datos, en los t\u00e9rminos recogidos en la legislaci\u00f3n de protecci\u00f3n de datos. Tambi\u00e9n tiene derecho a solicitar: la portabilidad de sus datos, la revocaci\u00f3n del consentimiento prestado en su caso y la limitaci\u00f3n del tratamiento.<br \/>El titular de los datos puede ejercer estos derechos mediante escrito dirigido por correo postal a Dreamings Mountain SL,\u00a0 (referencia PROTECCI\u00d3N DATOS) C\/ Barrio de Abajo 26, Canduela, 34811 Aguilar de Campoo, Palencia (Espa\u00f1a), debiendo incluir esta comunicaci\u00f3n solicitud indicando la actuaci\u00f3n que se solicita.<br \/>Los destinatarios de las comunicaciones comerciales pueden oponerse, en cualquier momento, mediante el enlace de baja incluido en la comunicaci\u00f3n.<br \/>El titular de los datos, si considera que el tratamiento de sus datos infringe la legislaci\u00f3n de protecci\u00f3n de datos, puede realizar una queja ante las autoridades de control de protecci\u00f3n de datos.<\/p><p><strong>Delegado de protecci\u00f3n de datos<\/strong><\/p><p>Para cualquier cuesti\u00f3n relacionada con el tratamiento de los datos realizado por Dreamings Mountain SL, la persona interesada puede ponerse contacto con el delegado de protecci\u00f3n de datos enviando un escrito a:<br \/>Delegado de protecci\u00f3n de datos Dreamings Mountain SL. C\/ Barrio de Abajo 26, Canduela, 34811 Aguilar de Campoo, Palencia (Espa\u00f1a) o dirigi\u00e9ndose al delegado de protecci\u00f3n de datos a trav\u00e9s de nuestra\u00a0<a href=\"https:\/\/www.eurostarshotels.com\/contactar.html\">p\u00e1gina de contacto principal<\/a>.<\/p><p><strong>Menores de edad<\/strong><\/p><p>Se proh\u00edbe la utilizaci\u00f3n de los servicios web de Dreamings Mountain SL, a personas menores de 18 a\u00f1os.<\/p><p><strong>Destinatarios y transferencia internacional de datos<\/strong><\/p><p>Se informa al usuario que, para la contrataci\u00f3n de productos y servicios ofertados, Dreamings Mountain SL deber\u00e1 comunicar necesariamente los datos de car\u00e1cter personal del usuario a los proveedores de los productos y servicios elegidos por el usuario.<\/p><p><strong>Seguridad de los datos<\/strong><\/p><p>Dreamings Mountain SL tiene una de las tecnolog\u00edas m\u00e1s seguras en cuanto a la protecci\u00f3n de datos de su tarjeta de cr\u00e9dito se refiere. Asimismo, cumple todas las normas internacionales que legislan la materia. Todos los apartados de Dreamings Mountain SL donde solicitamos informaci\u00f3n sensible utilizan el protocolo de comunicaci\u00f3n SSL. Esto quiere decir que la informaci\u00f3n que viaja a trav\u00e9s de Internet desde su ordenador hasta nuestro servidor lo hace codificada, haci\u00e9ndolos indescifrables a cualquier persona ajena. Esta tecnolog\u00eda asegura y garantiza, que sus datos no podr\u00e1n ser interceptados, manipulados o suplantados, de ninguna manera. De esta forma el pago a trav\u00e9s de Internet es hoy en d\u00eda tan seguro como la compra directa.<\/p><p><strong>\u00bfQu\u00e9 significa SSL?<\/strong><\/p><p>El SSL (Secure Socket Layer) es una tecnolog\u00eda est\u00e1ndar de seguridad en Internet. Aplica un sistema de encriptaci\u00f3n (codificaci\u00f3n) que proporciona la m\u00e1xima confidencialidad de los datos que nos transmiten. As\u00ed se impide la entrada il\u00edcita o intercepci\u00f3n en un sistema mientras los datos circulan por Internet. Para mayor seguridad, estos datos se almacenan en un servidor seguro protegido por un \u201cfirewall\u201d en continua vigilancia.<\/p>\t\t\t\t\t\t\t\t<\/div>\n\t\t\t\t<\/div>\n\t\t\t\t<\/div>\n\t\t\t\t\t<\/div>\n\t\t\t\t<\/div>\n\t\t\t\t<\/div>\n\t\t","protected":false},"excerpt":{"rendered":"<p>Pol\u00edtica de protecci\u00f3n de datos Protecci\u00f3n de datos Como consecuencia de la navegaci\u00f3n en la web y de la cumplimentaci\u00f3n de los formularios de la web, el usuario acepta que los datos personales por \u00e9l facilitados o que se faciliten en el futuro a trav\u00e9s de dicho servicio, sean objeto de tratamiento en ficheros de [&hellip;]<\/p>\n","protected":false},"author":1,"featured_media":0,"parent":0,"menu_order":0,"comment_status":"closed","ping_status":"closed","template":"elementor_header_footer","meta":{"footnotes":""},"class_list":["post-61","page","type-page","status-publish","hentry"],"yoast_head":"<!-- This site is optimized with the Yoast SEO plugin v27.5 - https:\/\/yoast.com\/product\/yoast-seo-wordpress\/ -->\n<title>Pol\u00edtica de protecci\u00f3n de datos - Hotel Araz<\/title>\n<meta name=\"robots\" content=\"noindex, nofollow\" \/>\n<meta property=\"og:locale\" content=\"es_ES\" \/>\n<meta property=\"og:type\" content=\"article\" \/>\n<meta property=\"og:title\" content=\"Pol\u00edtica de protecci\u00f3n de datos - Hotel Araz\" \/>\n<meta property=\"og:description\" content=\"Pol\u00edtica de protecci\u00f3n de datos Protecci\u00f3n de datos Como consecuencia de la navegaci\u00f3n en la web y de la cumplimentaci\u00f3n de los formularios de la web, el usuario acepta que los datos personales por \u00e9l facilitados o que se faciliten en el futuro a trav\u00e9s de dicho servicio, sean objeto de tratamiento en ficheros de [&hellip;]\" \/>\n<meta property=\"og:url\" content=\"https:\/\/hotelaraz.eu\/en\/politica-de-privacidad\/\" \/>\n<meta property=\"og:site_name\" content=\"Hotel Araz\" \/>\n<meta property=\"article:modified_time\" content=\"2025-12-12T16:11:51+00:00\" \/>\n<meta name=\"twitter:card\" content=\"summary_large_image\" \/>\n<meta name=\"twitter:label1\" content=\"Tiempo de lectura\" \/>\n\t<meta name=\"twitter:data1\" content=\"8 minutos\" \/>\n<script type=\"application\/ld+json\" class=\"yoast-schema-graph\">{\"@context\":\"https:\\\/\\\/schema.org\",\"@graph\":[{\"@type\":\"WebPage\",\"@id\":\"https:\\\/\\\/hotelaraz.eu\\\/en\\\/politica-de-privacidad\\\/\",\"url\":\"https:\\\/\\\/hotelaraz.eu\\\/en\\\/politica-de-privacidad\\\/\",\"name\":\"Pol\u00edtica de protecci\u00f3n de datos - Hotel Araz\",\"isPartOf\":{\"@id\":\"https:\\\/\\\/hotelaraz.eu\\\/en\\\/#website\"},\"datePublished\":\"2024-07-17T08:40:02+00:00\",\"dateModified\":\"2025-12-12T16:11:51+00:00\",\"breadcrumb\":{\"@id\":\"https:\\\/\\\/hotelaraz.eu\\\/en\\\/politica-de-privacidad\\\/#breadcrumb\"},\"inLanguage\":\"es\",\"potentialAction\":[{\"@type\":\"ReadAction\",\"target\":[\"https:\\\/\\\/hotelaraz.eu\\\/en\\\/politica-de-privacidad\\\/\"]}]},{\"@type\":\"BreadcrumbList\",\"@id\":\"https:\\\/\\\/hotelaraz.eu\\\/en\\\/politica-de-privacidad\\\/#breadcrumb\",\"itemListElement\":[{\"@type\":\"ListItem\",\"position\":1,\"name\":\"Portada\",\"item\":\"https:\\\/\\\/hotelaraz.eu\\\/en\\\/\"},{\"@type\":\"ListItem\",\"position\":2,\"name\":\"Pol\u00edtica de protecci\u00f3n de datos\"}]},{\"@type\":\"WebSite\",\"@id\":\"https:\\\/\\\/hotelaraz.eu\\\/en\\\/#website\",\"url\":\"https:\\\/\\\/hotelaraz.eu\\\/en\\\/\",\"name\":\"Hotel Araz\",\"description\":\"Hotel rural con vistas al Embalse del Ebro, en Llano (Las Rozas de Valdearroyo) y cerca de Reinosa. Naturaleza, restaurante casero, quiromasaje, alquiler de bicicletas y mascotas bienvenidas.\",\"publisher\":{\"@id\":\"https:\\\/\\\/hotelaraz.eu\\\/en\\\/#organization\"},\"potentialAction\":[{\"@type\":\"SearchAction\",\"target\":{\"@type\":\"EntryPoint\",\"urlTemplate\":\"https:\\\/\\\/hotelaraz.eu\\\/en\\\/?s={search_term_string}\"},\"query-input\":{\"@type\":\"PropertyValueSpecification\",\"valueRequired\":true,\"valueName\":\"search_term_string\"}}],\"inLanguage\":\"es\"},{\"@type\":\"Organization\",\"@id\":\"https:\\\/\\\/hotelaraz.eu\\\/en\\\/#organization\",\"name\":\"Hotel Araz\",\"url\":\"https:\\\/\\\/hotelaraz.eu\\\/en\\\/\",\"logo\":{\"@type\":\"ImageObject\",\"inLanguage\":\"es\",\"@id\":\"https:\\\/\\\/hotelaraz.eu\\\/en\\\/#\\\/schema\\\/logo\\\/image\\\/\",\"url\":\"https:\\\/\\\/hotelaraz.eu\\\/en\\\/wp-content\\\/uploads\\\/sites\\\/3\\\/Hotel-Araz-a-1000.webp\",\"contentUrl\":\"https:\\\/\\\/hotelaraz.eu\\\/en\\\/wp-content\\\/uploads\\\/sites\\\/3\\\/Hotel-Araz-a-1000.webp\",\"width\":300,\"height\":410,\"caption\":\"Hotel Araz\"},\"image\":{\"@id\":\"https:\\\/\\\/hotelaraz.eu\\\/en\\\/#\\\/schema\\\/logo\\\/image\\\/\"}}]}<\/script>\n<!-- \/ Yoast SEO plugin. -->","yoast_head_json":{"title":"Pol\u00edtica de protecci\u00f3n de datos - Hotel Araz","robots":{"index":"noindex","follow":"nofollow"},"og_locale":"es_ES","og_type":"article","og_title":"Pol\u00edtica de protecci\u00f3n de datos - Hotel Araz","og_description":"Pol\u00edtica de protecci\u00f3n de datos Protecci\u00f3n de datos Como consecuencia de la navegaci\u00f3n en la web y de la cumplimentaci\u00f3n de los formularios de la web, el usuario acepta que los datos personales por \u00e9l facilitados o que se faciliten en el futuro a trav\u00e9s de dicho servicio, sean objeto de tratamiento en ficheros de [&hellip;]","og_url":"https:\/\/hotelaraz.eu\/en\/politica-de-privacidad\/","og_site_name":"Hotel Araz","article_modified_time":"2025-12-12T16:11:51+00:00","twitter_card":"summary_large_image","twitter_misc":{"Tiempo de lectura":"8 minutos"},"schema":{"@context":"https:\/\/schema.org","@graph":[{"@type":"WebPage","@id":"https:\/\/hotelaraz.eu\/en\/politica-de-privacidad\/","url":"https:\/\/hotelaraz.eu\/en\/politica-de-privacidad\/","name":"Pol\u00edtica de protecci\u00f3n de datos - Hotel Araz","isPartOf":{"@id":"https:\/\/hotelaraz.eu\/en\/#website"},"datePublished":"2024-07-17T08:40:02+00:00","dateModified":"2025-12-12T16:11:51+00:00","breadcrumb":{"@id":"https:\/\/hotelaraz.eu\/en\/politica-de-privacidad\/#breadcrumb"},"inLanguage":"es","potentialAction":[{"@type":"ReadAction","target":["https:\/\/hotelaraz.eu\/en\/politica-de-privacidad\/"]}]},{"@type":"BreadcrumbList","@id":"https:\/\/hotelaraz.eu\/en\/politica-de-privacidad\/#breadcrumb","itemListElement":[{"@type":"ListItem","position":1,"name":"Portada","item":"https:\/\/hotelaraz.eu\/en\/"},{"@type":"ListItem","position":2,"name":"Pol\u00edtica de protecci\u00f3n de datos"}]},{"@type":"WebSite","@id":"https:\/\/hotelaraz.eu\/en\/#website","url":"https:\/\/hotelaraz.eu\/en\/","name":"Hotel Araz","description":"Hotel rural con vistas al Embalse del Ebro, en Llano (Las Rozas de Valdearroyo) y cerca de Reinosa. Naturaleza, restaurante casero, quiromasaje, alquiler de bicicletas y mascotas bienvenidas.","publisher":{"@id":"https:\/\/hotelaraz.eu\/en\/#organization"},"potentialAction":[{"@type":"SearchAction","target":{"@type":"EntryPoint","urlTemplate":"https:\/\/hotelaraz.eu\/en\/?s={search_term_string}"},"query-input":{"@type":"PropertyValueSpecification","valueRequired":true,"valueName":"search_term_string"}}],"inLanguage":"es"},{"@type":"Organization","@id":"https:\/\/hotelaraz.eu\/en\/#organization","name":"Hotel Araz","url":"https:\/\/hotelaraz.eu\/en\/","logo":{"@type":"ImageObject","inLanguage":"es","@id":"https:\/\/hotelaraz.eu\/en\/#\/schema\/logo\/image\/","url":"https:\/\/hotelaraz.eu\/en\/wp-content\/uploads\/sites\/3\/Hotel-Araz-a-1000.webp","contentUrl":"https:\/\/hotelaraz.eu\/en\/wp-content\/uploads\/sites\/3\/Hotel-Araz-a-1000.webp","width":300,"height":410,"caption":"Hotel Araz"},"image":{"@id":"https:\/\/hotelaraz.eu\/en\/#\/schema\/logo\/image\/"}}]}},"_links":{"self":[{"href":"https:\/\/hotelaraz.eu\/en\/wp-json\/wp\/v2\/pages\/61","targetHints":{"allow":["GET"]}}],"collection":[{"href":"https:\/\/hotelaraz.eu\/en\/wp-json\/wp\/v2\/pages"}],"about":[{"href":"https:\/\/hotelaraz.eu\/en\/wp-json\/wp\/v2\/types\/page"}],"author":[{"embeddable":true,"href":"https:\/\/hotelaraz.eu\/en\/wp-json\/wp\/v2\/users\/1"}],"replies":[{"embeddable":true,"href":"https:\/\/hotelaraz.eu\/en\/wp-json\/wp\/v2\/comments?post=61"}],"version-history":[{"count":0,"href":"https:\/\/hotelaraz.eu\/en\/wp-json\/wp\/v2\/pages\/61\/revisions"}],"wp:attachment":[{"href":"https:\/\/hotelaraz.eu\/en\/wp-json\/wp\/v2\/media?parent=61"}],"curies":[{"name":"wp","href":"https:\/\/api.w.org\/{rel}","templated":true}]}}