{"id":72,"date":"2024-07-17T11:08:17","date_gmt":"2024-07-17T09:08:17","guid":{"rendered":"https:\/\/hotelaraz.eu\/?page_id=72"},"modified":"2025-11-17T17:42:28","modified_gmt":"2025-11-17T16:42:28","slug":"politica-de-cookies","status":"publish","type":"page","link":"https:\/\/hotelaraz.eu\/en\/politica-de-cookies\/","title":{"rendered":"Pol\u00edtica de cookies"},"content":{"rendered":"\t\t<div data-elementor-type=\"wp-page\" data-elementor-id=\"72\" class=\"elementor elementor-72\" data-elementor-post-type=\"page\">\n\t\t\t\t<div class=\"elementor-element elementor-element-18a2821 e-flex e-con-boxed e-con e-parent\" data-id=\"18a2821\" data-element_type=\"container\" data-e-type=\"container\">\n\t\t\t\t\t<div class=\"e-con-inner\">\n\t\t<div class=\"elementor-element elementor-element-be67688 e-con-full e-flex e-con e-child\" data-id=\"be67688\" data-element_type=\"container\" data-e-type=\"container\">\n\t\t\t\t<div class=\"elementor-element elementor-element-2472c76 elementor-widget elementor-widget-heading\" data-id=\"2472c76\" data-element_type=\"widget\" data-e-type=\"widget\" data-widget_type=\"heading.default\">\n\t\t\t\t<div class=\"elementor-widget-container\">\n\t\t\t\t\t<h2 class=\"elementor-heading-title elementor-size-default\">Pol\u00edtica de Cookies<\/h2>\t\t\t\t<\/div>\n\t\t\t\t<\/div>\n\t\t\t\t<div class=\"elementor-element elementor-element-bde42a3 elementor-widget elementor-widget-text-editor\" data-id=\"bde42a3\" data-element_type=\"widget\" data-e-type=\"widget\" data-widget_type=\"text-editor.default\">\n\t\t\t\t<div class=\"elementor-widget-container\">\n\t\t\t\t\t\t\t\t\t<p>Este sitio web utiliza cookies y tecnolog\u00edas similares para proporcionar el servicio, as\u00ed como permitirnos mejorarlo, a trav\u00e9s de la obtenci\u00f3n de estad\u00edsticas sobre su uso, y otras finalidades.<\/p><p>Navegar por esta web implica necesariamente la utilizaci\u00f3n de cookies y tecnolog\u00edas similares siempre y cuando sea necesario para su funcionamiento. Asimismo, para ciertas finalidades, las cookies y el almacenamiento local estar\u00e1n sujetas a su consentimiento. Puede aceptar o rechazar las cookies mediante el sistema de configuraci\u00f3n establecido y tambi\u00e9n es posible configurar el navegador para impedir su uso.<\/p><p>Esta pol\u00edtica forma parte de nuestra pol\u00edtica de privacidad e incluye lo siguiente:<\/p><p><strong><strong>\u00bfQu\u00e9 son las cookies?<\/strong><\/strong><\/p><p>Las \u201ccookies\u201d son peque\u00f1os ficheros temporales que se crean en el dispositivo del usuario (ordenador, tel\u00e9fono, tableta, etc.) cuando visita una web, y que permiten a la misma almacenar o recuperar informaci\u00f3n cuando navega, por ejemplo, para guardar sus preferencias de uso o para reconocerlo en posteriores visitas, as\u00ed como obtener informaci\u00f3n sobre sus h\u00e1bitos de navegaci\u00f3n.<\/p><p>Cuando una web crea una cookie en el dispositivo del usuario, se almacena la direcci\u00f3n\/dominio de la web que ha creado la cookie, la duraci\u00f3n de la cookie que puede ir de escasos minutos a varios a\u00f1os, as\u00ed como el contenido de la cookie. El usuario puede deshabilitar las cookies en todo momento mediante el sistema de configuraci\u00f3n de este sitio web, as\u00ed como configurar su programa de navegaci\u00f3n para impedir (bloquear) el uso de cookies por parte de determinadas webs, as\u00ed como borrar las cookies almacenadas previamente.<\/p><p><strong><strong><strong><strong>\u00bfPara qu\u00e9 se usan las cookies?<\/strong><\/strong><\/strong><\/strong><\/p><p>Los usos o finalidades m\u00e1s habituales son:<\/p><p>\u25cf Cookies t\u00e9cnicas esenciales. Se utilizan para gestionar el flujo de navegaci\u00f3n dentro de la web o para mantener al usuario conectado a la misma. Al deshabilitarlas, es posible que alg\u00fan apartado de la web no funcione correctamente.<br \/>\u25cf Cookies de personalizaci\u00f3n. Necesarias para recordar determinadas preferencias del usuario.<br \/>\u25cf Cookies anal\u00edticas. Nos ayudan a nosotros y a terceros a recopilar informaci\u00f3n de la procedencia de los usuarios y su navegaci\u00f3n dentro de la web, a efectos de realizar un an\u00e1lisis estad\u00edstico para poder mejorar la estructura y los contenidos.<br \/>\u25cf Cookies publicitarias. Utilizadas para gestionar los anuncios que aparecen en la web, decidir el contenido o la frecuencia de los anuncios.<br \/>\u25cf Cookies publicitarias comportamentales. Ayudan a recopilar los h\u00e1bitos de navegaci\u00f3n del usuario para crear un perfil de sus intereses y para mostrarle anuncios adaptados a los mismos.<br \/>\u25cf Cookies para compartici\u00f3n social. Son necesarias para identificar al usuario en sus redes sociales y as\u00ed permitirle compartir contenidos.<\/p><p><strong><strong>\u00bfQu\u00e9 entendemos por tecnolog\u00edas similares a las cookies?<\/strong><\/strong><\/p><p>Se entiende por tecnolog\u00edas similares cualquier tipo de mecanismo de almacenamiento y recuperaci\u00f3n de datos que se utilice en el dispositivo del usuario para obtener informaci\u00f3n. Las m\u00e1s habituales incluyen:<\/p><p>\u25cf El almacenamiento local del navegador. Algunas webs utilizan almacenamientos locales llamados \u201csessionStorage\u201d y \u201clocalStorage\u201d, as\u00ed como la base de datos indexada del navegador, para guardar informaci\u00f3n;<br \/>\u25cf El almacenamiento local de los complementos del navegador, como por ejemplo el almacenamiento local de Flash (\u201cFlash Local Shared Objects\u201d) o el almacenamiento local de Silverlight (\u201cIsolated Objects\u201d).<br \/>\u25cf El \u201cweb beacon\u201d es una t\u00e9cnica de rastreo que consiste en insertar en una p\u00e1gina web (o en un correo electr\u00f3nico) una imagen alojada en un servidor de Internet de forma que, cuando el navegador o programa de correo se conecta a dicho servidor para descargar y visualizar la imagen, la conexi\u00f3n queda registrada. Ello permite conocer que el usuario ha visualizado la p\u00e1gina web o el correo. A veces esta imagen es muy peque\u00f1a o transparente de forma que el usuario no se percata de su existencia.<br \/>\u25cf Las t\u00e9cnicas de \u201cfingerprinting\u201d que combinan informaci\u00f3n obtenida del navegador o del equipo de navegaci\u00f3n para distinguir a un usuario en sus sucesivas visitas distintos sitios web.<\/p><p><strong><strong>\u00bfQu\u00e9 son las cookies de terceros? \u00bfQui\u00e9nes son los destinatarios de la informaci\u00f3n?<\/strong><\/strong><\/p><p>Las cookies de esta web se pueden clasificar, en funci\u00f3n de qui\u00e9n las crea, en dos categor\u00edas:<\/p><p>\u25cf Cookies propias: se crean y manejan desde nuestros sitios y dominios web, siendo la informaci\u00f3n obtenida gestionada directa o indirectamente por nosotros para nuestras propias finalidades.<br \/>\u25cf Cookies de terceros: son las cookies que se crean y se manejan desde otros sitios web que, aunque no est\u00e1n completamente bajo nuestro control, proporcionan funciones y caracter\u00edsticas que hemos decidir incluir en nuestra web, como, por ejemplo: mapas interactivos, v\u00eddeos y elementos multimedia, botones para compartir en redes sociales, anuncios, etc. Estas cookies est\u00e1n bajo el control del tercero que proporciona la funci\u00f3n correspondiente.<\/p><p>La gran mayor\u00eda de las funciones de terceros implican el acceso o recopilaci\u00f3n de informaci\u00f3n (y el uso de cookies) por parte del tercero que proporciona la funci\u00f3n, en base a sus propios criterios y finalidades, incluyendo la recopilaci\u00f3n sobre los h\u00e1bitos de navegaci\u00f3n para mostrarle publicidad personalizada. En el siguiente apartado se indican las funciones y caracter\u00edsticas de terceros utilizadas en esta p\u00e1gina web.<\/p><p><strong><strong>\u00bfQu\u00e9 funciones y caracter\u00edsticas de terceros utilizamos en nuestro sitio web?<\/strong><\/strong><\/p><p>Incluimos funciones de terceros: anal\u00edticas, mapas, botones sociales, informaci\u00f3n sobre turismo, publicidad comportamental, y otras. Algunas de estas funciones son proporcionadas por terceros ubicados fuera de la Uni\u00f3n Europea.<br \/>Para informaci\u00f3n m\u00e1s detallada, incluyendo finalidades y garant\u00edas, consulta el apartado: lista de cookies.<\/p><p><strong><strong>\u00bfDurante cu\u00e1nto tiempo se mantienen activas las cookies o tecnolog\u00edas similares?<\/strong><\/strong><\/p><p>En funci\u00f3n de su permanencia o tiempo de actividad, podemos diferenciar entre:<\/p><p>\u25cf Cookies temporales de sesi\u00f3n; permanecen almacenadas en el equipo de navegaci\u00f3n hasta que el usuario abandona la p\u00e1gina web; el navegador las borra al terminar la sesi\u00f3n de navegaci\u00f3n.<br \/>\u25cf Cookies persistentes; permanecen en el equipo de navegaci\u00f3n y la web las lee cada vez que el usuario realiza una nueva visita. Estas cookies se borran autom\u00e1ticamente pasado cierto plazo de tiempo, que puede ser corto o muy largo.<\/p><p>En esta pol\u00edtica se incluye informaci\u00f3n sobre la duraci\u00f3n de las cookies; para m\u00e1s informaci\u00f3n, consulte nuestra pol\u00edtica de privacidad, as\u00ed como la informaci\u00f3n proporcionada en las pol\u00edticas de privacidad de los terceros proveedores de funciones web.<br \/>Para informaci\u00f3n sobre la duraci\u00f3n de las cookies, consulta el apartado: lista de cookies.<\/p><p><strong><strong>Uso de navegadores con modo de navegaci\u00f3n privada<\/strong><\/strong><\/p><p>Si desea usar esta web con mayor grado de privacidad y limitando que las cookies queden almacenadas por plazos largos de tiempo, recomendamos que utilice un navegador web que disponga de una opci\u00f3n de navegaci\u00f3n \u201cprivada\u201d. Puede obtener informaci\u00f3n sobre esta posibilidad en las p\u00e1ginas de ayuda de su navegador.<\/p><p><strong><strong>\u00bfC\u00f3mo impedir el uso de cookies y c\u00f3mo borrarlas?<\/strong><\/strong><\/p><p>Puede configurar sus preferencias en cualquier momento mediante el sistema de configuraci\u00f3n de cookies integrado en este sitio web, podr\u00e1 activar \/ desactivar el uso de cookies seg\u00fan sus finalidades.<\/p><p>La mayor\u00eda de navegadores permiten desactivar globalmente las cookies. Muchos navegadores tambi\u00e9n permiten borrar las cookies asociadas a webs\/dominios concretos. Para ello el usuario debe consultar la ayuda de su navegador. A continuaci\u00f3n, se incluyen enlaces a las p\u00e1ginas de ayuda de los navegadores m\u00e1s habituales para conocer la configuraci\u00f3n de cookies en cada uno:<\/p><p>\u25cf Chrome:<br \/><a href=\"https:\/\/support.google.com\/chrome\/answer\/95647?hl=es\">https:\/\/support.google.com\/chrome\/ answer\/95647?hl=es<\/a><br \/>\u25cf Explorer:<br \/><a href=\"https:\/\/support.microsoft.com\/es-es\/help\/17442\/windows\">https:\/\/support.microsoft.com\/es-es\/help\/17442\/windows-internet-explorer-delete-manage-cookies<\/a><br \/>\u25cf Microsoft Edge:\u00a0<a href=\"https:\/\/support.microsoft.com\/es-es\/windows\/administrar-cookies-en-microsoft-edge-ver-permitir-bloquear-eliminar-y-usar-168dab11-0753-043d-7c16-ede5947fc64d\">https:\/\/support.microsoft.com\/es-es\/windows\/administrar-cookies-en-microsoft-edge-ver-permitir-bloquear-eliminar-y-usar-168dab11-0753-043d-7c16-ede5947fc64d<\/a><br \/>\u25cf Firefox:<br \/><a href=\"https:\/\/support.mozilla.org\/es\/kb\/cookies-informacion-que-los-sitios-web-guardan-en-\">https:\/\/support.mozilla.org\/es\/kb\/cookies-informacion-que-los-sitios-web-guardan-en-<\/a><br \/>\u25cf Safari:<br \/><a href=\"https:\/\/support.apple.com\/kb\/PH17191?viewlocale=es_ES&amp;locale=es_ES\">https:\/\/support.apple.com\/kb\/PH17191?viewlocale=es_ES&amp;locale=es_ES<\/a><br \/>\u25cf Safari para IOS:<br \/><a href=\"https:\/\/support.apple.com\/es-es\/HT201265\">https:\/\/support.apple.com\/es-es\/HT201265<\/a><br \/>\u25cf Opera:<br \/><a href=\"http:\/\/www.opera.com\/es\/help\">http:\/\/www.opera.com\/es\/help<\/a><\/p>\t\t\t\t\t\t\t\t<\/div>\n\t\t\t\t<\/div>\n\t\t\t\t<\/div>\n\t\t\t\t\t<\/div>\n\t\t\t\t<\/div>\n\t\t\t\t<\/div>\n\t\t","protected":false},"excerpt":{"rendered":"<p>Pol\u00edtica de Cookies Este sitio web utiliza cookies y tecnolog\u00edas similares para proporcionar el servicio, as\u00ed como permitirnos mejorarlo, a trav\u00e9s de la obtenci\u00f3n de estad\u00edsticas sobre su uso, y otras finalidades. Navegar por esta web implica necesariamente la utilizaci\u00f3n de cookies y tecnolog\u00edas similares siempre y cuando sea necesario para su funcionamiento. Asimismo, para [&hellip;]<\/p>\n","protected":false},"author":1,"featured_media":0,"parent":0,"menu_order":0,"comment_status":"closed","ping_status":"closed","template":"elementor_header_footer","meta":{"footnotes":""},"class_list":["post-72","page","type-page","status-publish","hentry"],"yoast_head":"<!-- This site is optimized with the Yoast SEO plugin v27.5 - https:\/\/yoast.com\/product\/yoast-seo-wordpress\/ -->\n<title>Pol\u00edtica de cookies - Hotel Araz<\/title>\n<meta name=\"robots\" content=\"noindex, nofollow\" \/>\n<meta property=\"og:locale\" content=\"es_ES\" \/>\n<meta property=\"og:type\" content=\"article\" \/>\n<meta property=\"og:title\" content=\"Pol\u00edtica de cookies - Hotel Araz\" \/>\n<meta property=\"og:description\" content=\"Pol\u00edtica de Cookies Este sitio web utiliza cookies y tecnolog\u00edas similares para proporcionar el servicio, as\u00ed como permitirnos mejorarlo, a trav\u00e9s de la obtenci\u00f3n de estad\u00edsticas sobre su uso, y otras finalidades. Navegar por esta web implica necesariamente la utilizaci\u00f3n de cookies y tecnolog\u00edas similares siempre y cuando sea necesario para su funcionamiento. Asimismo, para [&hellip;]\" \/>\n<meta property=\"og:url\" content=\"https:\/\/hotelaraz.eu\/en\/politica-de-cookies\/\" \/>\n<meta property=\"og:site_name\" content=\"Hotel Araz\" \/>\n<meta property=\"article:modified_time\" content=\"2025-11-17T16:42:28+00:00\" \/>\n<meta name=\"twitter:card\" content=\"summary_large_image\" \/>\n<meta name=\"twitter:label1\" content=\"Tiempo de lectura\" \/>\n\t<meta name=\"twitter:data1\" content=\"6 minutos\" \/>\n<script type=\"application\/ld+json\" class=\"yoast-schema-graph\">{\"@context\":\"https:\\\/\\\/schema.org\",\"@graph\":[{\"@type\":\"WebPage\",\"@id\":\"https:\\\/\\\/hotelaraz.eu\\\/en\\\/politica-de-cookies\\\/\",\"url\":\"https:\\\/\\\/hotelaraz.eu\\\/en\\\/politica-de-cookies\\\/\",\"name\":\"Pol\u00edtica de cookies - Hotel Araz\",\"isPartOf\":{\"@id\":\"https:\\\/\\\/hotelaraz.eu\\\/en\\\/#website\"},\"datePublished\":\"2024-07-17T09:08:17+00:00\",\"dateModified\":\"2025-11-17T16:42:28+00:00\",\"breadcrumb\":{\"@id\":\"https:\\\/\\\/hotelaraz.eu\\\/en\\\/politica-de-cookies\\\/#breadcrumb\"},\"inLanguage\":\"es\",\"potentialAction\":[{\"@type\":\"ReadAction\",\"target\":[\"https:\\\/\\\/hotelaraz.eu\\\/en\\\/politica-de-cookies\\\/\"]}]},{\"@type\":\"BreadcrumbList\",\"@id\":\"https:\\\/\\\/hotelaraz.eu\\\/en\\\/politica-de-cookies\\\/#breadcrumb\",\"itemListElement\":[{\"@type\":\"ListItem\",\"position\":1,\"name\":\"Portada\",\"item\":\"https:\\\/\\\/hotelaraz.eu\\\/en\\\/\"},{\"@type\":\"ListItem\",\"position\":2,\"name\":\"Pol\u00edtica de cookies\"}]},{\"@type\":\"WebSite\",\"@id\":\"https:\\\/\\\/hotelaraz.eu\\\/en\\\/#website\",\"url\":\"https:\\\/\\\/hotelaraz.eu\\\/en\\\/\",\"name\":\"Hotel Araz\",\"description\":\"Hotel rural con vistas al Embalse del Ebro, en Llano (Las Rozas de Valdearroyo) y cerca de Reinosa. Naturaleza, restaurante casero, quiromasaje, alquiler de bicicletas y mascotas bienvenidas.\",\"publisher\":{\"@id\":\"https:\\\/\\\/hotelaraz.eu\\\/en\\\/#organization\"},\"potentialAction\":[{\"@type\":\"SearchAction\",\"target\":{\"@type\":\"EntryPoint\",\"urlTemplate\":\"https:\\\/\\\/hotelaraz.eu\\\/en\\\/?s={search_term_string}\"},\"query-input\":{\"@type\":\"PropertyValueSpecification\",\"valueRequired\":true,\"valueName\":\"search_term_string\"}}],\"inLanguage\":\"es\"},{\"@type\":\"Organization\",\"@id\":\"https:\\\/\\\/hotelaraz.eu\\\/en\\\/#organization\",\"name\":\"Hotel Araz\",\"url\":\"https:\\\/\\\/hotelaraz.eu\\\/en\\\/\",\"logo\":{\"@type\":\"ImageObject\",\"inLanguage\":\"es\",\"@id\":\"https:\\\/\\\/hotelaraz.eu\\\/en\\\/#\\\/schema\\\/logo\\\/image\\\/\",\"url\":\"https:\\\/\\\/hotelaraz.eu\\\/en\\\/wp-content\\\/uploads\\\/sites\\\/3\\\/Hotel-Araz-a-1000.webp\",\"contentUrl\":\"https:\\\/\\\/hotelaraz.eu\\\/en\\\/wp-content\\\/uploads\\\/sites\\\/3\\\/Hotel-Araz-a-1000.webp\",\"width\":300,\"height\":410,\"caption\":\"Hotel Araz\"},\"image\":{\"@id\":\"https:\\\/\\\/hotelaraz.eu\\\/en\\\/#\\\/schema\\\/logo\\\/image\\\/\"}}]}<\/script>\n<!-- \/ Yoast SEO plugin. -->","yoast_head_json":{"title":"Pol\u00edtica de cookies - Hotel Araz","robots":{"index":"noindex","follow":"nofollow"},"og_locale":"es_ES","og_type":"article","og_title":"Pol\u00edtica de cookies - Hotel Araz","og_description":"Pol\u00edtica de Cookies Este sitio web utiliza cookies y tecnolog\u00edas similares para proporcionar el servicio, as\u00ed como permitirnos mejorarlo, a trav\u00e9s de la obtenci\u00f3n de estad\u00edsticas sobre su uso, y otras finalidades. Navegar por esta web implica necesariamente la utilizaci\u00f3n de cookies y tecnolog\u00edas similares siempre y cuando sea necesario para su funcionamiento. Asimismo, para [&hellip;]","og_url":"https:\/\/hotelaraz.eu\/en\/politica-de-cookies\/","og_site_name":"Hotel Araz","article_modified_time":"2025-11-17T16:42:28+00:00","twitter_card":"summary_large_image","twitter_misc":{"Tiempo de lectura":"6 minutos"},"schema":{"@context":"https:\/\/schema.org","@graph":[{"@type":"WebPage","@id":"https:\/\/hotelaraz.eu\/en\/politica-de-cookies\/","url":"https:\/\/hotelaraz.eu\/en\/politica-de-cookies\/","name":"Pol\u00edtica de cookies - Hotel Araz","isPartOf":{"@id":"https:\/\/hotelaraz.eu\/en\/#website"},"datePublished":"2024-07-17T09:08:17+00:00","dateModified":"2025-11-17T16:42:28+00:00","breadcrumb":{"@id":"https:\/\/hotelaraz.eu\/en\/politica-de-cookies\/#breadcrumb"},"inLanguage":"es","potentialAction":[{"@type":"ReadAction","target":["https:\/\/hotelaraz.eu\/en\/politica-de-cookies\/"]}]},{"@type":"BreadcrumbList","@id":"https:\/\/hotelaraz.eu\/en\/politica-de-cookies\/#breadcrumb","itemListElement":[{"@type":"ListItem","position":1,"name":"Portada","item":"https:\/\/hotelaraz.eu\/en\/"},{"@type":"ListItem","position":2,"name":"Pol\u00edtica de cookies"}]},{"@type":"WebSite","@id":"https:\/\/hotelaraz.eu\/en\/#website","url":"https:\/\/hotelaraz.eu\/en\/","name":"Hotel Araz","description":"Hotel rural con vistas al Embalse del Ebro, en Llano (Las Rozas de Valdearroyo) y cerca de Reinosa. Naturaleza, restaurante casero, quiromasaje, alquiler de bicicletas y mascotas bienvenidas.","publisher":{"@id":"https:\/\/hotelaraz.eu\/en\/#organization"},"potentialAction":[{"@type":"SearchAction","target":{"@type":"EntryPoint","urlTemplate":"https:\/\/hotelaraz.eu\/en\/?s={search_term_string}"},"query-input":{"@type":"PropertyValueSpecification","valueRequired":true,"valueName":"search_term_string"}}],"inLanguage":"es"},{"@type":"Organization","@id":"https:\/\/hotelaraz.eu\/en\/#organization","name":"Hotel Araz","url":"https:\/\/hotelaraz.eu\/en\/","logo":{"@type":"ImageObject","inLanguage":"es","@id":"https:\/\/hotelaraz.eu\/en\/#\/schema\/logo\/image\/","url":"https:\/\/hotelaraz.eu\/en\/wp-content\/uploads\/sites\/3\/Hotel-Araz-a-1000.webp","contentUrl":"https:\/\/hotelaraz.eu\/en\/wp-content\/uploads\/sites\/3\/Hotel-Araz-a-1000.webp","width":300,"height":410,"caption":"Hotel Araz"},"image":{"@id":"https:\/\/hotelaraz.eu\/en\/#\/schema\/logo\/image\/"}}]}},"_links":{"self":[{"href":"https:\/\/hotelaraz.eu\/en\/wp-json\/wp\/v2\/pages\/72","targetHints":{"allow":["GET"]}}],"collection":[{"href":"https:\/\/hotelaraz.eu\/en\/wp-json\/wp\/v2\/pages"}],"about":[{"href":"https:\/\/hotelaraz.eu\/en\/wp-json\/wp\/v2\/types\/page"}],"author":[{"embeddable":true,"href":"https:\/\/hotelaraz.eu\/en\/wp-json\/wp\/v2\/users\/1"}],"replies":[{"embeddable":true,"href":"https:\/\/hotelaraz.eu\/en\/wp-json\/wp\/v2\/comments?post=72"}],"version-history":[{"count":0,"href":"https:\/\/hotelaraz.eu\/en\/wp-json\/wp\/v2\/pages\/72\/revisions"}],"wp:attachment":[{"href":"https:\/\/hotelaraz.eu\/en\/wp-json\/wp\/v2\/media?parent=72"}],"curies":[{"name":"wp","href":"https:\/\/api.w.org\/{rel}","templated":true}]}}